{"id":192,"date":"2021-01-16T12:30:51","date_gmt":"2021-01-16T11:30:51","guid":{"rendered":"https:\/\/joeljansonjohansen.com\/dennysglas\/?page_id=192"},"modified":"2024-12-29T15:47:43","modified_gmt":"2024-12-29T14:47:43","slug":"glaskonsultation","status":"publish","type":"page","link":"https:\/\/glasent.se\/?page_id=192","title":{"rendered":"Glaskonsultation"},"content":{"rendered":"\n<figure class=\"wp-block-image size-large\"><img loading=\"lazy\" decoding=\"async\" width=\"2560\" height=\"1707\" src=\"https:\/\/glasent.se\/wp-content\/uploads\/2021\/01\/fonster-scaled.jpg\" alt=\"\" class=\"wp-image-198\" srcset=\"https:\/\/glasent.se\/wp-content\/uploads\/2021\/01\/fonster-scaled.jpg 2560w, https:\/\/glasent.se\/wp-content\/uploads\/2021\/01\/fonster-300x200.jpg 300w, https:\/\/glasent.se\/wp-content\/uploads\/2021\/01\/fonster-1024x683.jpg 1024w, https:\/\/glasent.se\/wp-content\/uploads\/2021\/01\/fonster-768x512.jpg 768w, https:\/\/glasent.se\/wp-content\/uploads\/2021\/01\/fonster-1536x1024.jpg 1536w, https:\/\/glasent.se\/wp-content\/uploads\/2021\/01\/fonster-2048x1365.jpg 2048w\" sizes=\"auto, (max-width: 2560px) 100vw, 2560px\" \/><\/figure>\n\n\n\n<p>Vi kan vara behj\u00e4lplig med konsultationer g\u00e4llande<\/p>\n\n\n\n<ul class=\"wp-block-list\"><li>Brandskyddsglas<\/li><li>Ljudreduktionsglas<\/li><li>Energisparglas <\/li><li>Besiktningar av utf\u00f6rda glasningar <\/li><\/ul>\n\n\n\n<p>Vi har m\u00e5ng\u00e5rig erfarenhet av glas och glasarbeten.<br>Elfstr\u00f6m Glasentreprenader AB \u00e4r MTK &#8211; beh\u00f6rig av Glasbranschf\u00f6reningen    f\u00f6r val av glas samt brandskyddsglasning.<\/p>\n\n\n\n<p>Ni kan anlita oss om ni har tankarna p\u00e5 att f\u00f6rb\u00e4ttra ert inomhusklimat och spara energikostnader med varmare glas eller f\u00e5 ned ljudniv\u00e5n i rummen fr\u00e5n st\u00f6rande trafik, mm. Man kan \u00e4ven kombinera dessa b\u00e4gge.<\/p>\n\n\n\n<p>Vi tar fram f\u00f6rslag p\u00e5 glas och \u00e4ven hur monteringen skall utf\u00f6ras f\u00f6r att uppn\u00e5 b\u00e4sta resultat.<\/p>\n\n\n\n<p> <\/p>\n","protected":false},"excerpt":{"rendered":"Vi kan vara behj\u00e4lplig med konsultationer g\u00e4llande BrandskyddsglasLjudreduktionsglasEnergisparglas Besiktningar av utf\u00f6rda glasningar Vi har m\u00e5ng\u00e5rig erfarenhet av glas och glasarbeten.Elfstr\u00f6m Glasentreprenader AB \u00e4r MTK &#8211; beh\u00f6rig av Glasbranschf\u00f6reningen f\u00f6r val av glas samt brandskyddsglasning. Ni kan anlita oss om ni har tankarna p\u00e5 att f\u00f6rb\u00e4ttra ert inomhusklimat och spara energikostnader med varmare glas eller f\u00e5 [&hellip;]","protected":false},"author":1,"featured_media":0,"parent":0,"menu_order":0,"comment_status":"closed","ping_status":"closed","template":"","meta":{"footnotes":""},"class_list":["post-192","page","type-page","status-publish","hentry"],"_links":{"self":[{"href":"https:\/\/glasent.se\/index.php?rest_route=\/wp\/v2\/pages\/192","targetHints":{"allow":["GET"]}}],"collection":[{"href":"https:\/\/glasent.se\/index.php?rest_route=\/wp\/v2\/pages"}],"about":[{"href":"https:\/\/glasent.se\/index.php?rest_route=\/wp\/v2\/types\/page"}],"author":[{"embeddable":true,"href":"https:\/\/glasent.se\/index.php?rest_route=\/wp\/v2\/users\/1"}],"replies":[{"embeddable":true,"href":"https:\/\/glasent.se\/index.php?rest_route=%2Fwp%2Fv2%2Fcomments&post=192"}],"version-history":[{"count":4,"href":"https:\/\/glasent.se\/index.php?rest_route=\/wp\/v2\/pages\/192\/revisions"}],"predecessor-version":[{"id":220,"href":"https:\/\/glasent.se\/index.php?rest_route=\/wp\/v2\/pages\/192\/revisions\/220"}],"wp:attachment":[{"href":"https:\/\/glasent.se\/index.php?rest_route=%2Fwp%2Fv2%2Fmedia&parent=192"}],"curies":[{"name":"wp","href":"https:\/\/api.w.org\/{rel}","templated":true}]}}