{"id":17,"date":"2020-02-25T16:52:55","date_gmt":"2020-02-25T15:52:55","guid":{"rendered":"http:\/\/dennys-glas.test\/?page_id=17"},"modified":"2020-02-25T16:52:55","modified_gmt":"2020-02-25T15:52:55","slug":"det-har-gor-vi","status":"publish","type":"page","link":"https:\/\/glasent.se\/?page_id=17","title":{"rendered":"Det h\u00e4r g\u00f6r vi"},"content":{"rendered":"\n<p>Underrubrik: Dusch och bastuv\u00e4ggar (klickbar) &#8211; Text samt bilder<br>\nUnderrubrik: Glasr\u00e4cken (klickbar) \u2013 Text samt bilder<br>\nUnderrubrik: V\u00e4ggar och tak (klickbar) &#8211; Text samt bilder<br>\nUnderrubrik: F\u00f6nster och d\u00f6rrpartier (klickbar) &#8211; Text samt bilder<br>\nUnderrubrik: Inredningsglas (klickbar) &#8211; Text samt bilder<\/p>\n","protected":false},"excerpt":{"rendered":"Underrubrik: Dusch och bastuv\u00e4ggar (klickbar) &#8211; Text samt bilder Underrubrik: Glasr\u00e4cken (klickbar) \u2013 Text samt bilder Underrubrik: V\u00e4ggar och tak (klickbar) &#8211; Text samt bilder Underrubrik: F\u00f6nster och d\u00f6rrpartier (klickbar) &#8211; Text samt bilder Underrubrik: Inredningsglas (klickbar) &#8211; Text samt bilder","protected":false},"author":1,"featured_media":0,"parent":0,"menu_order":0,"comment_status":"closed","ping_status":"closed","template":"","meta":{"footnotes":""},"class_list":["post-17","page","type-page","status-publish","hentry"],"_links":{"self":[{"href":"https:\/\/glasent.se\/index.php?rest_route=\/wp\/v2\/pages\/17","targetHints":{"allow":["GET"]}}],"collection":[{"href":"https:\/\/glasent.se\/index.php?rest_route=\/wp\/v2\/pages"}],"about":[{"href":"https:\/\/glasent.se\/index.php?rest_route=\/wp\/v2\/types\/page"}],"author":[{"embeddable":true,"href":"https:\/\/glasent.se\/index.php?rest_route=\/wp\/v2\/users\/1"}],"replies":[{"embeddable":true,"href":"https:\/\/glasent.se\/index.php?rest_route=%2Fwp%2Fv2%2Fcomments&post=17"}],"version-history":[{"count":1,"href":"https:\/\/glasent.se\/index.php?rest_route=\/wp\/v2\/pages\/17\/revisions"}],"predecessor-version":[{"id":18,"href":"https:\/\/glasent.se\/index.php?rest_route=\/wp\/v2\/pages\/17\/revisions\/18"}],"wp:attachment":[{"href":"https:\/\/glasent.se\/index.php?rest_route=%2Fwp%2Fv2%2Fmedia&parent=17"}],"curies":[{"name":"wp","href":"https:\/\/api.w.org\/{rel}","templated":true}]}}